{"id":35,"date":"2017-11-30T23:28:27","date_gmt":"2017-11-30T22:28:27","guid":{"rendered":"http:\/\/fermedelagrenouillere.fr\/?page_id=35"},"modified":"2025-05-09T13:53:03","modified_gmt":"2025-05-09T11:53:03","slug":"accueil","status":"publish","type":"page","link":"https:\/\/fermedelagrenouillere.fr\/","title":{"rendered":"Accueil"},"content":{"rendered":"<p class=\"western\"><span style=\"font-size: medium;\">La famille Tatara vous propose toute l\u2019ann\u00e9e de la viande charolaise issue de leur troupeau.<\/span><\/p>\n<p class=\"western\"><span style=\"font-size: medium;\">Les animaux sont n\u00e9s et \u00e9lev\u00e9s \u00e0 Mittainville en bordure de la for\u00eat de Rambouillet.<\/span><\/p>\n<p class=\"western\"><span style=\"font-size: medium;\">Leur nourriture est constitu\u00e9e de l\u2019herbe et du foin des prairies environnantes ainsi que d\u2019un compl\u00e9ment de c\u00e9r\u00e9ales issus de la ferme.<\/span><\/p>\n<p class=\"hide-if-no-js\">\n<\/p><p class=\"hide-if-no-js\"><\/p>\n\n\n<p style=\"font-size:16px\">En 2024, dans le cadre de l&rsquo;acquisition d&rsquo;une nouvelle faucheuse, j&rsquo;ai pu b\u00e9n\u00e9ficier d&rsquo;une aide de l&rsquo;Union Europ\u00e9enne visant \u00e0 moderniser les exploitations agricoles.<\/p>\n\n\n\n<figure class=\"wp-block-image size-full\"><img loading=\"lazy\" width=\"150\" height=\"150\" src=\"http:\/\/fermedelagrenouillere.fr\/wp-content\/uploads\/2025\/05\/cofinancementUE_300.png\" alt=\"\" class=\"wp-image-45\"\/><\/figure>\n","protected":false},"excerpt":{"rendered":"<p>La famille Tatara vous propose toute l\u2019ann\u00e9e de la viande charolaise issue de leur troupeau. Les animaux sont n\u00e9s et \u00e9lev\u00e9s \u00e0 Mittainville en bordure de la for\u00eat de Rambouillet. Leur nourriture est constitu\u00e9e de l\u2019herbe et du foin des prairies environnantes ainsi que d\u2019un compl\u00e9ment de c\u00e9r\u00e9ales issus de la ferme. En 2024, dans &hellip; <a href=\"https:\/\/fermedelagrenouillere.fr\/\" class=\"more-link\">Continuer la lecture de <span class=\"screen-reader-text\">Accueil<\/span><\/a><\/p>\n","protected":false},"author":1,"featured_media":0,"parent":0,"menu_order":0,"comment_status":"closed","ping_status":"closed","template":"","meta":[],"_links":{"self":[{"href":"https:\/\/fermedelagrenouillere.fr\/index.php\/wp-json\/wp\/v2\/pages\/35"}],"collection":[{"href":"https:\/\/fermedelagrenouillere.fr\/index.php\/wp-json\/wp\/v2\/pages"}],"about":[{"href":"https:\/\/fermedelagrenouillere.fr\/index.php\/wp-json\/wp\/v2\/types\/page"}],"author":[{"embeddable":true,"href":"https:\/\/fermedelagrenouillere.fr\/index.php\/wp-json\/wp\/v2\/users\/1"}],"replies":[{"embeddable":true,"href":"https:\/\/fermedelagrenouillere.fr\/index.php\/wp-json\/wp\/v2\/comments?post=35"}],"version-history":[{"count":6,"href":"https:\/\/fermedelagrenouillere.fr\/index.php\/wp-json\/wp\/v2\/pages\/35\/revisions"}],"predecessor-version":[{"id":50,"href":"https:\/\/fermedelagrenouillere.fr\/index.php\/wp-json\/wp\/v2\/pages\/35\/revisions\/50"}],"wp:attachment":[{"href":"https:\/\/fermedelagrenouillere.fr\/index.php\/wp-json\/wp\/v2\/media?parent=35"}],"curies":[{"name":"wp","href":"https:\/\/api.w.org\/{rel}","templated":true}]}}